{"id":249,"date":"2023-07-01T17:47:20","date_gmt":"2023-07-01T14:47:20","guid":{"rendered":"http:\/\/www.aturnagida.com\/?page_id=534"},"modified":"2023-07-01T19:09:07","modified_gmt":"2023-07-01T16:09:07","slug":"maps","status":"publish","type":"page","link":"http:\/\/www.aturnagida.com\/de\/maps\/","title":{"rendered":"Wo wir sind ?"},"content":{"rendered":"\n<p id=\"gmaps\">&nbsp;.<\/p>\n\r\n<script src=\"https:\/\/maps.googleapis.com\/maps\/api\/js?key=AIzaSyCbgFMEfJEmCzR1Cl58YdjXefGuBMLgO5k\" defer><\/script>\r\n<style>\r\n#gmaps { height: 500px; }\r\n<\/style>\r\n<script type=\"text\/javascript\">\r\nvar myLatlng;\r\nvar mapOptions;\r\nvar map;\r\nvar gm_markerlist = { \"markers\" : [{lat: 38.425341,lng: 27.139500,title: '\u0130zmir',infoWindow: {content: '\u0130zmir'}},\r\n{lat: 38.618639,lng: 27.425239,title: 'Manisa',infoWindow: {content: 'Manisa'}},\r\n{lat: 37.575998,lng: 36.923437,title: 'Kahramanmara\u015f',infoWindow: {content: 'Kahramanmara\u015f'}},\r\n{lat: 38.720053,lng: 35.480830,title: 'Kayseri',infoWindow: {content: 'Kayseri'}},\r\n{lat: 37.969979,lng: 34.674202,title: 'Ni\u011fde',infoWindow: {content: 'Ni\u011fde'}},\r\n{lat: 38.624922,lng: 34.714430,title: 'Nev\u015fehir',infoWindow: {content: 'Nev\u015fehir'}},\r\n{lat: 36.896977,lng: 30.711239,title: 'Antalya',infoWindow: {content: 'Antalya'}},\r\n{lat: 37.718422,lng: 30.281733,title: 'Burdur',infoWindow: {content: 'Burdur'}},\r\n{lat: 39.935237,lng: 32.856835,title: 'Ankara',infoWindow: {content: 'Ankara'}},\r\n{lat: 41.280164,lng: 36.335512,title: 'Samsun',infoWindow: {content: 'Samsun'}},\r\n{lat: 40.981927,lng: 37.875455,title: 'Ordu',infoWindow: {content: 'Ordu'}},\r\n{lat: 40.918264,lng: 38.382867,title: 'Giresun',infoWindow: {content: 'Giresun'}},\r\n{lat: 41.025345,lng: 40.516483,title: 'Rize',infoWindow: {content: 'Rize'}},\r\n{lat: 37.836651,lng: 27.839369,title: 'Ayd\u0131n',infoWindow: {content: 'Ayd\u0131n'}},\r\n{lat: 38.674080,lng: 29.405685,title: 'U\u015fak',infoWindow: {content: 'U\u015fak'}},\r\n{lat: 41.002662,lng: 39.709461,title: 'Trabzon',infoWindow: {content: 'Trabzon'}},\r\n{lat: 37.871731,lng: 32.490690,title: 'Konya',infoWindow: {content: 'Konya'}},\r\n{lat: 41.006617,lng: 28.970981,title: '\u0130stanbul',infoWindow: {content: '\u0130stanbul'}},\r\n{lat: 37.784424,lng: 29.101588,title: 'Denizli',infoWindow: {content: 'Denizli'}},\r\n{lat: 37.762531,lng: 30.551209,title: 'Isparta',infoWindow: {content: 'Isparta'}},\r\n{lat: 38.357381,lng: 38.325419,title: 'Malatya',infoWindow: {content: 'Malatya'}},\r\n{lat: 38.499102,lng: 43.370361,title: 'Van',infoWindow: {content: 'Van'}},\r\n{lat: 39.652647,lng: 27.888894,title: 'Bal\u0131kesir',infoWindow: {content: 'Bal\u0131kesir'}},\r\n{lat: 39.766465,lng: 30.524902,title: 'Eski\u015fehir',infoWindow: {content: 'Eski\u015fehir'}},\r\n{lat: 40.145831,lng: 29.976947,title: 'Bilecik',infoWindow: {content: 'Bilecik'}},\r\n{lat: 40.656324,lng: 35.837216,title: 'Amasya',infoWindow: {content: 'Amasya'}},\r\n{lat: 40.550350,lng: 34.952375,title: '\u00c7orum',infoWindow: {content: '\u00c7orum'}},\r\n{lat: 40.599278,lng: 33.617506,title: '\u00c7ank\u0131r\u0131',infoWindow: {content: '\u00c7ank\u0131r\u0131'}},\r\n{lat: 40.329870,lng: 36.541738,title: 'Tokat',infoWindow: {content: 'Tokat'}},\r\n{lat: 42.026554,lng: 35.152250,title: 'Sinop',infoWindow: {content: 'Sinop'}},\r\n{lat: 41.376652,lng: 33.776521,title: 'Kastamonu',infoWindow: {content: 'Kastamonu'}},\r\n{lat: 41.637585,lng:32.333843,title: 'Bart\u0131n',infoWindow: {content: 'Bart\u0131n'}},\r\n{lat: 41.195579,lng:32.622771,title: 'Karab\u00fck',infoWindow: {content: 'Karab\u00fck'}},\r\n{lat: 41.453530,lng:31.789359,title: 'Zonguldak',infoWindow: {content: 'Zonguldak'}},\r\n{lat: 35.295885,lng: 33.761918,title: 'Kuzey K\u0131br\u0131s T\u00fcrk Cumhuriyeti',infoWindow: {content: 'Kuzey K\u0131br\u0131s T\u00fcrk Cumhuriyeti'}},\r\n{lat: 40.030349,lng: 21.514516,title: 'Yunanistan',infoWindow: {content: 'Yunanistan'}},\r\n{lat: 43.298012,lng: 24.052646,title: 'Bulgaristan',infoWindow: {content: 'Bulgaristan'}},\r\n{lat: 34.018775,lng: 42.595696,title: 'Irak',infoWindow: {content: 'Irak'}},\r\n{lat: 25.144476,lng: 55.279233,title: 'Dubai',infoWindow: {content: 'Dubai'}},\r\n{lat: 40.849172,lng: 47.480859,title: 'Azerbaycan',infoWindow: {content: 'Azerbaycan'}},\r\n{lat: 25.951907,lng: 45.257064,title: 'Suudi Arabistan',infoWindow: {content: 'Suudi Arabistan'}}\r\n]};\r\n\r\nfunction initMap() {\r\n\tmyLatlng = new google.maps.LatLng(39.132333,35.230383);\r\n\tmapOptions = {\r\n  \t\tzoom: 4,\r\n  \t\tcenter: myLatlng\r\n\t}\r\n\tmap = new google.maps.Map(document.getElementById(\"gmaps\"), mapOptions);\r\n\tfor (var i = 0; i < gm_markerlist.markers.length; i++) {\r\n\t\tvar m = gm_markerlist.markers[i];\r\n\t\t\/\/ var p = { lat: m.lat, lng : m.lng };\r\n\t\tvar ll =  new google.maps.LatLng( m.lat, m.lng );\r\n\t\tvar t = m.title;\r\n\t\tvar marker = new google.maps.Marker({\r\n\t\t\tposition : ll,\r\n\t\t\ttitle : t\r\n\t\t});\r\n\t\tmarker.setMap(map);\t\r\n\t} \r\n}\r\n\/\/ window.initMap = initMap;\r\n\r\njQuery(document).ready( function() {\r\n\tinitMap();\r\n});\r\n<\/script>","protected":false},"excerpt":{"rendered":"<p>&nbsp;.<\/p>\n","protected":false},"author":1,"featured_media":0,"parent":0,"menu_order":0,"comment_status":"closed","ping_status":"closed","template":"","meta":{"_coblocks_attr":"","_coblocks_dimensions":"","_coblocks_responsive_height":"","_coblocks_accordion_ie_support":""},"aioseo_notices":[],"_links":{"self":[{"href":"http:\/\/www.aturnagida.com\/de\/wp-json\/wp\/v2\/pages\/249"}],"collection":[{"href":"http:\/\/www.aturnagida.com\/de\/wp-json\/wp\/v2\/pages"}],"about":[{"href":"http:\/\/www.aturnagida.com\/de\/wp-json\/wp\/v2\/types\/page"}],"author":[{"embeddable":true,"href":"http:\/\/www.aturnagida.com\/de\/wp-json\/wp\/v2\/users\/1"}],"replies":[{"embeddable":true,"href":"http:\/\/www.aturnagida.com\/de\/wp-json\/wp\/v2\/comments?post=249"}],"version-history":[{"count":1,"href":"http:\/\/www.aturnagida.com\/de\/wp-json\/wp\/v2\/pages\/249\/revisions"}],"predecessor-version":[{"id":250,"href":"http:\/\/www.aturnagida.com\/de\/wp-json\/wp\/v2\/pages\/249\/revisions\/250"}],"wp:attachment":[{"href":"http:\/\/www.aturnagida.com\/de\/wp-json\/wp\/v2\/media?parent=249"}],"curies":[{"name":"wp","href":"https:\/\/api.w.org\/{rel}","templated":true}]}}