{"id":251,"date":"2023-05-25T16:13:36","date_gmt":"2023-05-25T13:13:36","guid":{"rendered":"http:\/\/www.aturnagida.com\/?page_id=108"},"modified":"2023-07-01T20:49:40","modified_gmt":"2023-07-01T17:49:40","slug":"uber-uns","status":"publish","type":"page","link":"http:\/\/www.aturnagida.com\/de\/uber-uns\/","title":{"rendered":"A.TURNA"},"content":{"rendered":"\n<div class=\"wp-block-columns alignwide is-layout-flex wp-container-3\">\n<div class=\"wp-block-column is-vertically-aligned-center is-layout-flow\">\n<figure class=\"wp-block-video\"><video controls src=\"http:\/\/www.aturnagida.com\/wp-content\/uploads\/2023\/06\/aturna-tgrt-720.mp4\"><\/video><\/figure>\n<\/div>\n\n\n\n<div class=\"wp-block-column is-layout-flow\">\n<h1 class=\"wp-block-heading\">A.TURNA<\/h1>\n\n\n\n<p>Im Jahre 2000 beginnt unsere Firma A.Turna Gida mit der Herstellung von Pulvermischungen in diesem Bereich, zu diesem Zeitpunkt auf einer geschlossen Produktionsfl\u00e4che von 3500 m2, auf 1000 m2 unserer Kaffeeproduktionsbereich, zu dem noch ein Bereich f\u00fcr Trocken- und Fl\u00fcssig-Lebensmitteln, sind wir einer der etablierten und f\u00fchrenden Unternehmen in diesem Sektor geworden.<\/p>\n\n\n\n<p>Alle unsere hergestellten Produkte durchlaufen st\u00e4ndig verschiedene Produktionszyklen, wie Service, Beratung und Produktverbesserung. Jegliche Produkte des Portfolios unseres Unternehmen A.Turna Gida haben die Erlaubnis zur Produktion nach dem t\u00fcrkischen Reinheitsgebot und von Tag zu Tag w\u00e4chst unser Produktsortiment.<\/p>\n\n\n\n<blockquote class=\"wp-block-quote\">\n<p class=\"has-medium-font-size\">&#8220;<em>Firma A.Turna wurde komplett aus inl\u00e4ndischem Kapital gegr\u00fcndet; seine Rezepturen speziell f\u00fcr sich, und die vielfallt der Produkte werden in modernen Anlagen hergestellt; ist ein 100% t\u00fcrkische Unternehmen.<\/em>&#8220;<\/p>\n<cite>Ahmet TURNA<\/cite><\/blockquote>\n<\/div>\n<\/div>\n\n\n\n<div class=\"wp-block-columns alignwide is-layout-flex wp-container-6\">\n<div class=\"wp-block-column is-layout-flow\">\n<h2 class=\"wp-block-heading\">UNSERE MISSION<\/h2>\n\n\n\n<hr class=\"wp-block-separator has-alpha-channel-opacity is-style-wide\"\/>\n\n\n\n<p>In der Natur vorkommende bzw. durch die Natur verarbeitete Ressourcen nutzen wir, um dem Wohl des Menschen zur Verf\u00fcgung zu stellen, die Lebensqualit\u00e4t mit Gesundheit, Lebenslust und Zufriedenheit zu erh\u00f6hen, damit schnell und leicht zubereitbare Produkte zu erschaffen. Mit diesem Konzept und Service dem Menschen begehen wir diesen Lebensmittelsektor.<\/p>\n<\/div>\n\n\n\n<div class=\"wp-block-column is-layout-flow\">\n<h2 class=\"wp-block-heading\">UNSERE VISION<\/h2>\n\n\n\n<hr class=\"wp-block-separator has-alpha-channel-opacity is-style-wide\"\/>\n\n\n\n<p>In einer gesunden Welt mit unserer Art und Weise wollen wir unseren Platz neben f\u00fchrenden Unternehmen einnehmen, menschlich-nat\u00fcrlich, praktisch, vielf\u00e4lltige wirtschaftliche L\u00f6sungen zu bieten, die st\u00e4ndige Investition in Menschen und Technologien. Die Kundenzufriedenheit steht immer im Focus, um den Erfolg unseres Unternehmens auf regionalen und internationalen M\u00e4rkten zu best\u00e4tigen.<\/p>\n<\/div>\n<\/div>\n\n\n\n<h2 class=\"wp-block-heading has-text-align-center\">UNSERE WERTE<\/h2>\n\n\n\n<hr class=\"wp-block-separator has-alpha-channel-opacity is-style-wide\"\/>\n\n\n\n<figure class=\"wp-block-table alignwide degerler\"><table class=\"has-fixed-layout\"><tbody><tr><td><strong><em>Erneuerer<\/em><\/strong><br>Wir legen Wert darauf, unsere Vision zu erweitern ein innovatives Unternehmen zu sein.<\/td><td><strong><em>Kundenorientiert<\/em><\/strong><br>F\u00fcr Markenzufriedenheit und Kontinuit\u00e4t wichtig f\u00fcr unsere kundenorientierte bewegen.<\/td><td><strong><em>Forscher<\/em><\/strong><br>Um unsere Vision, Forscher das Erstellen von Richtlinien und anwenden zu realisieren.<\/td><\/tr><tr><td><strong><em>Zuverl\u00e4ssig<\/em><\/strong><br>Gehorsam gegen\u00fcber den Regeln der Produktion, sind wir bestrebt, eine zuverl\u00e4ssige Marke zu sein.<\/td><td><strong><em>Umweltfreundlich<\/em><\/strong><br>Produktion, handeln wir mit umweltfreundlichen Strategien innerhalb des Beschaffungsprozesses.<\/td><td><strong><em>Unternehmer<\/em><\/strong><br>F\u00fcr den Zweck, seinen Marktanteil zu vergr\u00f6\u00dfern, um f\u00fcr unsere Unternehmer von Bedeutung sein.<\/td><\/tr><\/tbody><\/table><\/figure>\n","protected":false},"excerpt":{"rendered":"<p>A.TURNA Im Jahre 2000 beginnt unsere Firma A.Turna Gida mit der Herstellung von Pulvermischungen in diesem Bereich, zu diesem Zeitpunkt auf einer geschlossen Produktionsfl\u00e4che von 3500 m2, auf 1000 m2 unserer Kaffeeproduktionsbereich, zu dem noch ein Bereich f\u00fcr Trocken- und Fl\u00fcssig-Lebensmitteln, sind wir einer der etablierten und f\u00fchrenden Unternehmen in diesem Sektor geworden. Alle unsere [&hellip;]<\/p>\n","protected":false},"author":1,"featured_media":0,"parent":0,"menu_order":0,"comment_status":"closed","ping_status":"closed","template":"","meta":{"_coblocks_attr":"","_coblocks_dimensions":"","_coblocks_responsive_height":"","_coblocks_accordion_ie_support":""},"aioseo_notices":[],"_links":{"self":[{"href":"http:\/\/www.aturnagida.com\/de\/wp-json\/wp\/v2\/pages\/251"}],"collection":[{"href":"http:\/\/www.aturnagida.com\/de\/wp-json\/wp\/v2\/pages"}],"about":[{"href":"http:\/\/www.aturnagida.com\/de\/wp-json\/wp\/v2\/types\/page"}],"author":[{"embeddable":true,"href":"http:\/\/www.aturnagida.com\/de\/wp-json\/wp\/v2\/users\/1"}],"replies":[{"embeddable":true,"href":"http:\/\/www.aturnagida.com\/de\/wp-json\/wp\/v2\/comments?post=251"}],"version-history":[{"count":2,"href":"http:\/\/www.aturnagida.com\/de\/wp-json\/wp\/v2\/pages\/251\/revisions"}],"predecessor-version":[{"id":254,"href":"http:\/\/www.aturnagida.com\/de\/wp-json\/wp\/v2\/pages\/251\/revisions\/254"}],"wp:attachment":[{"href":"http:\/\/www.aturnagida.com\/de\/wp-json\/wp\/v2\/media?parent=251"}],"curies":[{"name":"wp","href":"https:\/\/api.w.org\/{rel}","templated":true}]}}