{"id":258,"date":"2023-05-22T22:31:34","date_gmt":"2023-05-22T19:31:34","guid":{"rendered":"http:\/\/www.aturnagida.com\/ana-sayfa\/"},"modified":"2023-07-13T16:42:27","modified_gmt":"2023-07-13T13:42:27","slug":"startseite","status":"publish","type":"page","link":"http:\/\/www.aturnagida.com\/de\/","title":{"rendered":"Welcome"},"content":{"rendered":"<div class=\"n2_clear\">\r\n\t<ss3-force-full-width data-overflow-x=\"body\" data-horizontal-selector=\"body\">\r\n\t\t<div class=\"n2-section-smartslider fitvidsignore  n2_clear\" data-ssid=\"2\" tabindex=\"0\" role=\"region\" aria-label=\"Slider\">\r\n\t\t\t<div id=\"n2-ss-2-align\" class=\"n2-ss-align\">\r\n\t\t\t\t<div class=\"n2-padding\">\r\n\t\t\t\t\t<div id=\"n2-ss-2\" data-creator=\"Smart Slider 3\" data-responsive=\"fullwidth\" class=\"n2-ss-slider n2-ow n2-has-hover n2notransition  \">\r\n    \t\t\t\t\t<div class=\"n2-ss-slider-wrapper-outside\" style=\"grid-template-rows:1fr auto\">\r\n    \t\t\t\t\t\t<div class=\"n2-ss-slider-wrapper-inside\">\r\n        \t\t\t\t\t\t<div class=\"n2-ss-slider-1 n2_ss__touch_element n2-ow\">\r\n            \t\t\t\t\t\t<div class=\"n2-ss-slider-2 n2-ow\">\r\n            \t\t\t\t\t\t\t<div class=\"n2-ss-background-animation n2-ow\"><\/div>\r\n                \t\t\t\t\t\t<div class=\"n2-ss-slider-3 n2-ow\">\r\n                    \t\t\t\t\t<div class=\"n2-ss-slide-backgrounds n2-ow-all\">\r\n                    \t\t\t\t\t\t<div class=\"n2-ss-slide-background\" data-public-id=\"1\" data-mode=\"stretch\">\r\n                    \t\t\t\t\t\t\t<div class=\"n2-ss-slide-background-image\" data-blur=\"0\" data-opacity=\"100\" data-x=\"50\" data-y=\"50\" data-alt=\"\" data-title=\"\">\r\n                    \t\t\t\t\t\t\t\t<picture class=\"skip-lazy\" data-skip-lazy=\"1\">\r\n                    \t\t\t\t\t\t\t\t\t<img decoding=\"async\" src=\"\/\/www.aturnagida.com\/wp-content\/uploads\/slider\/cache\/38387ce5a3c952f5fbf6afef3f4d9ace\/kahve-slider-background-1920x760-1.png\" alt=\"\" title=\"\" loading=\"lazy\" class=\"skip-lazy\" data-skip-lazy=\"1\">\r\n                    \t\t\t\t\t\t\t\t<\/picture>\r\n                    \t\t\t\t\t\t\t<\/div>\r\n                    \t\t\t\t\t\t\t<div data-color=\"RGBA(255,255,255,1)\" style=\"background-color: RGBA(255,255,255,1);\" class=\"n2-ss-slide-background-color\"><\/div>\r\n                    \t\t\t\t\t\t<\/div>\r\n                    \t\t\t\t\t\t<div class=\"n2-ss-slide-background\" data-public-id=\"2\" data-mode=\"stretch\">\r\n                    \t\t\t\t\t\t\t<div class=\"n2-ss-slide-background-image\" data-blur=\"0\" data-opacity=\"100\" data-x=\"50\" data-y=\"50\" data-alt=\"\" data-title=\"\">\r\n                    \t\t\t\t\t\t\t\t<picture class=\"skip-lazy\" data-skip-lazy=\"1\">\r\n                    \t\t\t\t\t\t\t\t\t<img decoding=\"async\" src=\"\/\/www.aturnagida.com\/wp-content\/uploads\/slider\/cache\/61c8d39fc20d0a7e21ac0d07d195cb6d\/toz-slider-background-1920x760-1.png\" alt=\"\" title=\"\" loading=\"lazy\" class=\"skip-lazy\" data-skip-lazy=\"1\">\r\n                    \t\t\t\t\t\t\t\t<\/picture>\r\n                    \t\t\t\t\t\t\t<\/div>\r\n                    \t\t\t\t\t\t\t<div data-color=\"RGBA(255,255,255,1)\" style=\"background-color: RGBA(255,255,255,1);\" class=\"n2-ss-slide-background-color\"><\/div>\r\n                    \t\t\t\t\t\t<\/div>\r\n                    \t\t\t\t\t\t<div class=\"n2-ss-slide-background\" data-public-id=\"3\" data-mode=\"stretch\">\r\n                    \t\t\t\t\t\t\t<div class=\"n2-ss-slide-background-image\" data-blur=\"0\" data-opacity=\"100\" data-x=\"50\" data-y=\"50\" data-alt=\"\" data-title=\"\">\r\n                    \t\t\t\t\t\t\t\t<picture class=\"skip-lazy\" data-skip-lazy=\"1\">\r\n                    \t\t\t\t\t\t\t\t\t<img decoding=\"async\" src=\"\/\/www.aturnagida.com\/wp-content\/uploads\/slider\/cache\/c452f36d7ceffaea96ea50a260096afb\/sivi-slider-background-1920x760-1.png\" alt=\"\" title=\"\" loading=\"lazy\" class=\"skip-lazy\" data-skip-lazy=\"1\">\r\n                    \t\t\t\t\t\t\t\t<\/picture>\r\n                    \t\t\t\t\t\t\t<\/div>\r\n                    \t\t\t\t\t\t\t<div data-color=\"RGBA(255,255,255,1)\" style=\"background-color: RGBA(255,255,255,1);\" class=\"n2-ss-slide-background-color\"><\/div>\r\n                    \t\t\t\t\t\t<\/div>\r\n                    \t\t\t\t\t\t<div class=\"n2-ss-slide-background\" data-public-id=\"4\" data-mode=\"stretch\">\r\n                    \t\t\t\t\t\t\t<div class=\"n2-ss-slide-background-image\" data-blur=\"0\" data-opacity=\"1\" data-x=\"50\" data-y=\"50\" data-alt=\"\" data-title=\"\" style=\"opacity:0.01\">\r\n                    \t\t\t\t\t\t\t\t<picture class=\"skip-lazy\" data-skip-lazy=\"1\">\r\n                    \t\t\t\t\t\t\t\t\t<img decoding=\"async\" src=\"\/\/www.aturnagida.com\/wp-content\/uploads\/slider\/cache\/74c520942435d23ac3e7693c6d1df46c\/toz-slider-background-2-1920x760-1.jpg\" alt=\"\" title=\"\" loading=\"lazy\" class=\"skip-lazy\" data-skip-lazy=\"1\">\r\n                    \t\t\t\t\t\t\t\t<\/picture>\r\n                    \t\t\t\t\t\t\t<\/div>\r\n                    \t\t\t\t\t\t\t<div data-color=\"RGBA(255,255,255,1)\" style=\"background-color: RGBA(255,255,255,1);\" class=\"n2-ss-slide-background-color\"><\/div>\r\n                    \t\t\t\t\t\t<\/div>\r\n                    \t\t\t\t\t<\/div>\r\n                    \t\t\t\t\t<div class=\"n2-ss-slider-4 n2-ow\">\r\n                        \t\t\t\t\t<svg xmlns=\"http:\/\/www.w3.org\/2000\/svg\" viewBox=\"0 0 1200 600\" data-related-device=\"desktopPortrait\" class=\"n2-ow n2-ss-preserve-size n2-ss-preserve-size--slider n2-ss-slide-limiter\"><\/svg>\r\n                        \t\t\t\t\t<div data-first=\"1\" data-slide-duration=\"0\" data-id=\"3\" data-slide-public-id=\"1\" data-title=\"Full 1\" class=\"n2-ss-slide n2-ow  n2-ss-slide-3\">\r\n                        \t\t\t\t\t\t<div role=\"note\" class=\"n2-ss-slide--focus\" tabindex=\"-1\">Full 1<\/div>\r\n                        \t\t\t\t\t\t<div class=\"n2-ss-layers-container n2-ss-slide-limiter n2-ow\">\r\n                        \t\t\t\t\t\t\t<div class=\"n2-ss-layer n2-ow n-uc-woPhmp3YjJHP\" data-sstype=\"slide\" data-pm=\"default\">\r\n                        \t\t\t\t\t\t\t\t<div class=\"n2-ss-layer n2-ow n-uc-187d8f1049b03\" data-pm=\"default\" data-sstype=\"content\" data-hasbackground=\"0\">\r\n                        \t\t\t\t\t\t\t\t\t<div class=\"n2-ss-section-main-content n2-ss-layer-with-background n2-ss-layer-content n2-ow n-uc-187d8f1049b03-inner\">\r\n                        \t\t\t\t\t\t\t\t\t\t<div class=\"n2-ss-layer n2-ow n-uc-2CmBc17E75oi n2-ss-layer--auto\" data-pm=\"normal\" data-sstype=\"layer\">\r\n                        \t\t\t\t\t\t\t\t\t\t\t<div id=\"n2-ss-2item1\" class=\"n2-font-f2e536b4b427c4caced82682c2fd15a1-hover n2-style-b9880470c8178890efa20e7c510bc08a-heading   n2-ss-item-content n2-ss-text n2-ow\" style=\"display:inline-block;white-space:nowrap;\">\r\n                        \t\t\t\t\t\t\t\t\t\t\t\tQualifizierte<br\/>Kaffeearten\r\n                        \t\t\t\t\t\t\t\t\t\t\t<\/div>\r\n                        \t\t\t\t\t\t\t\t\t\t<\/div>\r\n                        \t\t\t\t\t\t\t\t\t\t<div class=\"n2-ss-layer n2-ow n-uc-kYioCZs0uzPW\" data-pm=\"normal\" data-sstype=\"layer\">\r\n                        \t\t\t\t\t\t\t\t\t\t\t<div id=\"n2-ss-2item2\" class=\"n2-font-1384006b1dc3bdcabe59a0518e07dcd2-hover n2-style-f8293b450b12ef15d5c4ff97a617a3e3-heading   n2-ss-item-content n2-ss-text n2-ow\" style=\"display:block;\">\r\n                        \t\t\t\t\t\t\t\t\t\t\t\tT\u00dcRKISCHER KAFFEE \/ ESPRESSO \/ INSTANT \/ FILTER KAFFEE<br\/>REGIONAL KAFFEES \/ MOKKA \/ FRAPP\u00c9 \r\n                        \t\t\t\t\t\t\t\t\t\t\t<\/div>\r\n                        \t\t\t\t\t\t\t\t\t\t<\/div>\r\n                        \t\t\t\t\t\t\t\t\t\t<div class=\"n2-ss-layer n2-ow n-uc-oUY69eRktdv5\" data-pm=\"normal\" data-sstype=\"layer\">\r\n                        \t\t\t\t\t\t\t\t\t\t\t<div class=\"n2-ss-item-content n2-ss-text n2-ow-all\">\r\n                        \t\t\t\t\t\t\t\t\t\t\t\t<div class=\"\">\r\n                        \t\t\t\t\t\t\t\t\t\t\t\t\t<p class=\"n2-font-5389ea7194868fbb215557803999a162-paragraph   \">\r\n                        \t\t\t\t\t\t\t\t\t\t\t\t\t\tMehrere Regionen die hochwertigen Kaffeebohnen der Wahl, \r\n                        \t\t\t\t\t\t\t\t\t\t\t\t\t\t<\/br>sorgf\u00e4ltig Braten wir unseren Kaffee Sorten bereiten Schleifen.\r\n\t\t\t\t\t\t\t\t\t\t\t\t\t\t\t\t\t\t\t<\/p>\r\n\t\t\t\t\t\t\t\t\t\t\t\t\t\t\t\t\t\t<\/div>\r\n\t\t\t\t\t\t\t\t\t\t\t\t\t\t\t\t\t<\/div>\r\n\t\t\t\t\t\t\t\t\t\t\t\t\t\t\t\t<\/div>\r\n\t\t\t\t\t\t\t\t\t\t\t\t\t\t\t<\/div>\r\n\t\t\t\t\t\t\t\t\t\t\t\t\t\t<\/div>\r\n\t\t\t\t\t\t\t\t\t\t\t\t\t<\/div>\r\n\t\t\t\t\t\t\t\t\t\t\t\t<\/div>\r\n\t\t\t\t\t\t\t\t\t\t\t<\/div>\r\n\t\t\t\t\t\t\t\t\t\t\t<div data-slide-duration=\"0\" data-id=\"6\" data-slide-public-id=\"2\" data-title=\"Full 2\" class=\"n2-ss-slide n2-ow  n2-ss-slide-6\">\r\n\t\t\t\t\t\t\t\t\t\t\t\t<div role=\"note\" class=\"n2-ss-slide--focus\" tabindex=\"-1\">Full 2<\/div>\r\n\t\t\t\t\t\t\t\t\t\t\t\t<div class=\"n2-ss-layers-container n2-ss-slide-limiter n2-ow\">\r\n\t\t\t\t\t\t\t\t\t\t\t\t\t<div class=\"n2-ss-layer n2-ow n-uc-E3ss3g783UOV\" data-sstype=\"slide\" data-pm=\"default\">\r\n\t\t\t\t\t\t\t\t\t\t\t\t\t\t<div class=\"n2-ss-layer n2-ow n-uc-EvcsTcInz4sL\" data-pm=\"default\" data-sstype=\"content\" data-hasbackground=\"0\">\r\n\t\t\t\t\t\t\t\t\t\t\t\t\t\t\t<div class=\"n2-ss-section-main-content n2-ss-layer-with-background n2-ss-layer-content n2-ow n-uc-EvcsTcInz4sL-inner\">\r\n\t\t\t\t\t\t\t\t\t\t\t\t\t\t\t\t<div class=\"n2-ss-layer n2-ow n-uc-hfbXviHN1ttE n2-ss-layer--auto\" data-pm=\"normal\" data-sstype=\"layer\">\r\n\t\t\t\t\t\t\t\t\t\t\t\t\t\t\t\t\t<div id=\"n2-ss-2item4\" class=\"n2-font-f2e536b4b427c4caced82682c2fd15a1-hover n2-style-b9880470c8178890efa20e7c510bc08a-heading   n2-ss-item-content n2-ss-text n2-ow\" style=\"display:inline-block;white-space:nowrap;\">\r\n\t\t\t\t\t\t\t\t\t\t\t\t\t\t\t\t\t\tIntensiv Gew\u00fcrzten<br\/>Pulver Produkt\r\n\t\t\t\t\t\t\t\t\t\t\t\t\t\t\t\t\t<\/div>\r\n\t\t\t\t\t\t\t\t\t\t\t\t\t\t\t\t<\/div>\r\n\t\t\t\t\t\t\t\t\t\t\t\t\t\t\t\t<div class=\"n2-ss-layer n2-ow n-uc-3U0BjY83qKgA\" data-pm=\"normal\" data-sstype=\"layer\">\r\n\t\t\t\t\t\t\t\t\t\t\t\t\t\t\t\t\t<div id=\"n2-ss-2item5\" class=\"n2-font-1384006b1dc3bdcabe59a0518e07dcd2-hover n2-style-f8293b450b12ef15d5c4ff97a617a3e3-heading   n2-ss-item-content n2-ss-text n2-ow\" style=\"display:block;\">\r\n\t\t\t\t\t\t\t\t\t\t\t\t\t\t\t\t\t\tHEI\u00dfE SCHOKOLADE \/ WEI\u00dfE SCHOKOLADE \/ EIS SCHOKOLADE \/ SAHLEP <br\/> MILCHSHAKE-SMOOTHIE \/ KR\u00c4UTER TEE \/ GR\u00dcNER TEE \/ SCHWARZER TEE\r\n\t\t\t\t\t\t\t\t\t\t\t\t\t\t\t\t\t<\/div>\r\n\t\t\t\t\t\t\t\t\t\t\t\t\t\t\t\t<\/div>\r\n\t\t\t\t\t\t\t\t\t\t\t\t\t\t\t\t<div class=\"n2-ss-layer n2-ow n-uc-ngjmD3Lymzvy\" data-pm=\"normal\" data-sstype=\"layer\">\r\n\t\t\t\t\t\t\t\t\t\t\t\t\t\t\t\t\t<div class=\"n2-ss-item-content n2-ss-text n2-ow-all\">\r\n\t\t\t\t\t\t\t\t\t\t\t\t\t\t\t\t\t\t<div class=\"\">\r\n\t\t\t\t\t\t\t\t\t\t\t\t\t\t\t\t\t\t\t<p class=\"n2-font-5389ea7194868fbb215557803999a162-paragraph   \">\r\n\t\t\t\t\t\t\t\t\t\t\t\t\t\t\t\t\t\t\t\tFr\u00fcchte, Blumen und Bl\u00e4tter machen die Produktion \r\n\t\t\t\t\t\t\t\t\t\t\t\t\t\t\t\t\t\t\t\t<br\/>von Staub mit dem nat\u00fcrlichen Geschmack.\r\n\t\t\t\t\t\t\t\t\t\t\t\t\t\t\t\t\t\t\t<\/p>\r\n\t\t\t\t\t\t\t\t\t\t\t\t\t\t\t\t\t\t<\/div>\r\n\t\t\t\t\t\t\t\t\t\t\t\t\t\t\t\t\t<\/div>\r\n\t\t\t\t\t\t\t\t\t\t\t\t\t\t\t\t<\/div>\r\n\t\t\t\t\t\t\t\t\t\t\t\t\t\t\t<\/div>\r\n\t\t\t\t\t\t\t\t\t\t\t\t\t\t<\/div>\r\n\t\t\t\t\t\t\t\t\t\t\t\t\t<\/div>\r\n\t\t\t\t\t\t\t\t\t\t\t\t<\/div>\r\n\t\t\t\t\t\t\t\t\t\t\t<\/div>\r\n\t\t\t\t\t\t\t\t\t\t\t<div data-slide-duration=\"0\" data-id=\"7\" data-slide-public-id=\"3\" data-title=\"Full 3\" class=\"n2-ss-slide n2-ow  n2-ss-slide-7\">\r\n\t\t\t\t\t\t\t\t\t\t\t\t<div role=\"note\" class=\"n2-ss-slide--focus\" tabindex=\"-1\">Full 3<\/div>\r\n\t\t\t\t\t\t\t\t\t\t\t\t<div class=\"n2-ss-layers-container n2-ss-slide-limiter n2-ow\">\r\n\t\t\t\t\t\t\t\t\t\t\t\t\t<div class=\"n2-ss-layer n2-ow n-uc-xvpqUM2hyZkt\" data-sstype=\"slide\" data-pm=\"default\">\r\n\t\t\t\t\t\t\t\t\t\t\t\t\t\t<div class=\"n2-ss-layer n2-ow n-uc-EXQlZXTrvXYi\" data-pm=\"default\" data-sstype=\"content\" data-hasbackground=\"0\">\r\n\t\t\t\t\t\t\t\t\t\t\t\t\t\t\t<div class=\"n2-ss-section-main-content n2-ss-layer-with-background n2-ss-layer-content n2-ow n-uc-EXQlZXTrvXYi-inner\">\r\n\t\t\t\t\t\t\t\t\t\t\t\t\t\t\t\t<div class=\"n2-ss-layer n2-ow n-uc-fcMi0mXTVOM1 n2-ss-layer--auto\" data-pm=\"normal\" data-sstype=\"layer\">\r\n\t\t\t\t\t\t\t\t\t\t\t\t\t\t\t\t\t<div id=\"n2-ss-2item7\" class=\"n2-font-f2e536b4b427c4caced82682c2fd15a1-hover n2-style-b9880470c8178890efa20e7c510bc08a-heading   n2-ss-item-content n2-ss-text n2-ow\" style=\"display:inline-block;white-space:nowrap;\">\r\n\t\t\t\t\t\t\t\t\t\t\t\t\t\t\t\t\t\tFruity<br\/>Fl\u00fcssigtypen\r\n\t\t\t\t\t\t\t\t\t\t\t\t\t\t\t\t\t<\/div>\r\n\t\t\t\t\t\t\t\t\t\t\t\t\t\t\t\t<\/div>\r\n\t\t\t\t\t\t\t\t\t\t\t\t\t\t\t\t<div class=\"n2-ss-layer n2-ow n-uc-jEpfmIauv9je\" data-pm=\"normal\" data-sstype=\"layer\">\r\n\t\t\t\t\t\t\t\t\t\t\t\t\t\t\t\t\t<div id=\"n2-ss-2item8\" class=\"n2-font-1384006b1dc3bdcabe59a0518e07dcd2-hover n2-style-f8293b450b12ef15d5c4ff97a617a3e3-heading   n2-ss-item-content n2-ss-text n2-ow\" style=\"display:block;\">\r\n\t\t\t\t\t\t\t\t\t\t\t\t\t\t\t\t\t\tSIRUP \/ P\u00dcREE \/ SAUCE\r\n\t\t\t\t\t\t\t\t\t\t\t\t\t\t\t\t\t<\/div>\r\n\t\t\t\t\t\t\t\t\t\t\t\t\t\t\t\t<\/div>\r\n\t\t\t\t\t\t\t\t\t\t\t\t\t\t\t\t<div class=\"n2-ss-layer n2-ow n-uc-RHm6SfD58m63\" data-pm=\"normal\" data-sstype=\"layer\">\r\n\t\t\t\t\t\t\t\t\t\t\t\t\t\t\t\t\t<div class=\"n2-ss-item-content n2-ss-text n2-ow-all\">\r\n\t\t\t\t\t\t\t\t\t\t\t\t\t\t\t\t\t\t<div class=\"\">\r\n\t\t\t\t\t\t\t\t\t\t\t\t\t\t\t\t\t\t\t<p class=\"n2-font-5389ea7194868fbb215557803999a162-paragraph   \">\r\n\t\t\t\t\t\t\t\t\t\t\t\t\t\t\t\t\t\t\t\tWir produzieren Fluidtypen, die einen Unterschied in der \r\n\t\t\t\t\t\t\t\t\t\t\t\t\t\t\t\t\t\t\t\t<br\/>Entwicklung und Lieferung von nat\u00fcrlichen Fruchtextrakten machen.\r\n\t\t\t\t\t\t\t\t\t\t\t\t\t\t\t\t\t\t\t<\/p>\r\n\t\t\t\t\t\t\t\t\t\t\t\t\t\t\t\t\t\t<\/div>\r\n\t\t\t\t\t\t\t\t\t\t\t\t\t\t\t\t\t<\/div>\r\n\t\t\t\t\t\t\t\t\t\t\t\t\t\t\t\t<\/div>\r\n\t\t\t\t\t\t\t\t\t\t\t\t\t\t\t<\/div>\r\n\t\t\t\t\t\t\t\t\t\t\t\t\t\t<\/div>\r\n\t\t\t\t\t\t\t\t\t\t\t\t\t<\/div>\r\n\t\t\t\t\t\t\t\t\t\t\t\t<\/div>\r\n\t\t\t\t\t\t\t\t\t\t\t<\/div>\r\n\t\t\t\t\t\t\t\t\t\t\t<div data-slide-duration=\"0\" data-id=\"8\" data-slide-public-id=\"4\" data-title=\"Video\" class=\"n2-ss-slide n2-ow  n2-ss-slide-8\">\r\n\t\t\t\t\t\t\t\t\t\t\t\t<div role=\"note\" class=\"n2-ss-slide--focus\" tabindex=\"-1\">Video<\/div>\r\n\t\t\t\t\t\t\t\t\t\t\t\t\t<div class=\"n2-ss-layers-container n2-ss-slide-limiter n2-ow\">\r\n\t\t\t\t\t\t\t\t\t\t\t\t\t\t<div class=\"n2-ss-layer n2-ow n-uc-trBIsxy16fmQ\" data-sstype=\"slide\" data-pm=\"default\">\r\n\t\t\t\t\t\t\t\t\t\t\t\t\t\t\t<div class=\"n2-ss-layer n2-ow n-uc-KGC0Oyx90sh6\" data-pm=\"default\" data-sstype=\"content\" data-hasbackground=\"0\">\r\n\t\t\t\t\t\t\t\t\t\t\t\t\t\t\t\t<div class=\"n2-ss-section-main-content n2-ss-layer-with-background n2-ss-layer-content n2-ow n-uc-KGC0Oyx90sh6-inner\">\r\n\t\t\t\t\t\t\t\t\t\t\t\t\t\t\t\t\t<div class=\"n2-ss-layer n2-ow n-uc-iMo9ZVGwijsl n2-ss-layer--auto\" data-pm=\"normal\" data-sstype=\"layer\">\r\n\t\t\t\t\t\t\t\t\t\t\t\t\t\t\t\t\t\t<div id=\"n2-ss-2item10\" class=\"n2-font-f2e536b4b427c4caced82682c2fd15a1-hover n2-style-b9880470c8178890efa20e7c510bc08a-heading   n2-ss-item-content n2-ss-text n2-ow\" style=\"display:inline-block;white-space:nowrap;\">\r\n\t\t\t\t\t\t\t\t\t\t\t\t\t\t\t\t\t\t\tDas erste t\u00fcrkische<br\/>Hersteller von<br\/>Pulver Smoothie\r\n\t\t\t\t\t\t\t\t\t\t\t\t\t\t\t\t\t\t<\/div>\r\n\t\t\t\t\t\t\t\t\t\t\t\t\t\t\t\t\t<\/div>\r\n\t\t\t\t\t\t\t\t\t\t\t\t\t\t\t\t\t<div class=\"n2-ss-layer n2-ow n-uc-jXmiFwXwj5uL\" data-pm=\"normal\" data-sstype=\"layer\">\r\n\t\t\t\t\t\t\t\t\t\t\t\t\t\t\t\t\t\t<div class=\"n2-ss-item-content n2-ss-text n2-ow-all\">\r\n\t\t\t\t\t\t\t\t\t\t\t\t\t\t\t\t\t\t\t<div class=\"\">\r\n\t\t\t\t\t\t\t\t\t\t\t\t\t\t\t\t\t\t\t\t<p class=\"n2-font-4d38baf3c5f583c64c4f5ce26cf845c6-paragraph   \">\r\n\t\t\t\t\t\t\t\t\t\t\t\t\t\t\t\t\t\t\t\t\t100 Tonnen in diesem Jahr ab dem ersten Tag der Produktion, produzieren wir 55 Sorten von Pulver-Smoothie. \r\n\t\t\t\t\t\t\t\t\t\t\t\t\t\t\t\t\t\t\t\t\t<br\/>nat\u00fcrlichen Geschmack der Frucht und Hosting, unser Pulver Smoothie Sorten sind von Staub Gruppenseite zur Verf\u00fcgung.\r\n\t\t\t\t\t\t\t\t\t\t\t\t\t\t\t\t\t\t\t\t<\/p>\r\n\t\t\t\t\t\t\t\t\t\t\t\t\t\t\t\t\t\t\t<\/div>\r\n\t\t\t\t\t\t\t\t\t\t\t\t\t\t\t\t\t\t<\/div>\r\n\t\t\t\t\t\t\t\t\t\t\t\t\t\t\t\t\t<\/div>\r\n\t\t\t\t\t\t\t\t\t\t\t\t\t\t\t\t\t<div class=\"n2-ss-layer n2-ow n-uc-vW4HqBbHNi5m\" style=\"z-index:0;\" data-pm=\"absolute\" data-responsiveposition=\"1\" data-desktopportraitleft=\"0\" data-desktopportraittop=\"0\" data-responsivesize=\"1\" data-desktopportraitwidth=\"1200\" data-desktopportraitheight=\"600\" data-desktopportraitalign=\"left\" data-desktopportraitvalign=\"top\" data-parentid=\"\" data-desktopportraitparentalign=\"center\" data-desktopportraitparentvalign=\"middle\" data-sstype=\"layer\">\r\n\t\t\t\t\t\t\t\t\t\t\t\t\t\t\t\t\t\t<div class=\" n2-ss-item-image-content n2-ss-item-content n2-ow-all\">\r\n\t\t\t\t\t\t\t\t\t\t\t\t\t\t\t\t\t\t\t<video autoplay muted loop src=\"\/wp-content\/uploads\/2023\/05\/1.mp4\" style=\"width:100%;height:100%\"><\/video>\r\n\t\t\t\t\t\t\t\t\t\t\t\t\t\t\t\t\t\t<\/div>\r\n\t\t\t\t\t\t\t\t\t\t\t\t\t\t\t\t\t<\/div>\r\n\t\t\t\t\t\t\t\t\t\t\t\t\t\t\t\t<\/div>\r\n\t\t\t\t\t\t\t\t\t\t\t\t\t\t\t<\/div>\r\n\t\t\t\t\t\t\t\t\t\t\t\t\t\t<\/div>\r\n\t\t\t\t\t\t\t\t\t\t\t\t\t<\/div>\r\n\t\t\t\t\t\t\t\t\t\t\t\t<\/div>\r\n\t\t\t\t\t\t\t\t\t\t\t<\/div>\r\n\t\t\t\t\t\t\t\t\t\t<\/div>\r\n\t\t\t\t\t\t\t\t\t<\/div>\r\n\t\t\t\t\t\t\t\t<\/div>\r\n\t\t\t\t\t\t\t\t<div class=\"n2-ss-slider-controls n2-ss-slider-controls-absolute-right-center\">\r\n\t\t\t\t\t\t\t\t\t<div style=\"--widget-offset:5px;\" class=\"n2-ss-widget n2-ss-control-bullet n2-ow-all n2-ss-control-bullet-vertical\">\r\n\t\t\t\t\t\t\t\t\t\t<div class=\" nextend-bullet-bar n2-bar-justify-content-center\">\r\n\t\t\t\t\t\t\t\t\t\t\t<div class=\"n2-bullet n2-style-857e96285ad03dec637574262d3243b1-dot \" style=\"visibility:hidden;\"><\/div>\r\n\t\t\t\t\t\t\t\t\t\t<\/div>\r\n\t\t\t\t\t\t\t\t\t<\/div>\r\n\t\t\t\t\t\t\t\t<\/div>\r\n\t\t\t\t\t\t\t<\/div>\r\n\t\t\t\t\t\t\t<div class=\"n2-ss-slider-controls n2-ss-slider-controls-below\">\r\n\t\t\t\t\t\t\t\t<div class=\"n2-ss-widget nextend-shadow n2-ow-all\">\r\n\t\t\t\t\t\t\t\t\t<img decoding=\"async\" width=\"1120\" height=\"50\" style=\"display: block; width:100%;max-width:none;\" class=\"nextend-shadow-image skip-lazy\" loading=\"lazy\" data-skip-lazy=\"1\" src=\"\/\/www.aturnagida.com\/wp-content\/plugins\/smart-slider-3\/Public\/SmartSlider3\/Widget\/Shadow\/ShadowImage\/Assets\/shadow\/curved.png\" alt=\"Shadow\">\r\n\t\t\t\t\t\t\t\t<\/div>\r\n\t\t\t\t\t\t\t<\/div>\r\n\t\t\t\t\t\t<\/div>\r\n\t\t\t\t\t<\/div>\r\n\t\t\t\t\t<ss3-loader><\/ss3-loader>\r\n\t\t\t\t<\/div>\r\n\t\t\t<\/div>\r\n\t\t\t<div class=\"n2_clear\"><\/div>\r\n\t\t<\/div>\r\n\t<\/ss3-force-full-width>\r\n<\/div>\r\n\n<h2 class=\"wp-block-heading alignwide has-text-align-center\" id=\"uretim\">Produktion<\/h2>\n\n\n\n<div class=\"wp-block-columns alignwide is-layout-flex wp-container-4\">\n<div class=\"wp-block-column is-layout-flow\">\n<figure class=\"wp-block-image size-full\"><a href=\"\/de\/produkt-kategorie\/kaffee-produkte\/\"><img decoding=\"async\" src=\"http:\/\/www.aturnagida.com\/wp-content\/uploads\/2023\/05\/kahve-grubu-filtre-turk-kahvesi-espresso-instantmocha-frappe.jpg\" alt=\"\" class=\"wp-image-90\"\/><\/a><\/figure>\n\n\n\n<h4 class=\"wp-block-heading has-text-align-center\"><a href=\"\/de\/produkt-kategorie\/kaffee-produkte\/\" data-type=\"URL\" data-id=\"\/de\/produkt-kategorie\/kaffee-produkte\/\">KAFFEE GRUPPE<\/a><\/h4>\n\n\n\n<hr class=\"wp-block-separator has-alpha-channel-opacity\"\/>\n\n\n\n<p class=\"has-text-align-center\" style=\"font-size:10px\">T\u00fcrkischer Kaffee \/ Espresso \/ Instant \/ Filter Kaffee \/ Regional Kaffees \/ Mokka \/ Frapp\u00e9<\/p>\n<\/div>\n\n\n\n<div class=\"wp-block-column is-layout-flow\">\n<figure class=\"wp-block-image size-full\"><a href=\"\/de\/produkt-kategorie\/fluid-produkte\/\"><img decoding=\"async\" src=\"http:\/\/www.aturnagida.com\/wp-content\/uploads\/2023\/05\/sivi-grubu-sos-surup-pure.jpg\" alt=\"\" class=\"wp-image-91\"\/><\/a><\/figure>\n\n\n\n<h4 class=\"wp-block-heading has-text-align-center\"><a href=\"\/de\/produkt-kategorie\/fluid-produkte\/\" data-type=\"URL\" data-id=\"\/de\/produkt-kategorie\/fluid-produkte\/\">FLUID GRUPPE<\/a><\/h4>\n\n\n\n<hr class=\"wp-block-separator has-alpha-channel-opacity\"\/>\n\n\n\n<p class=\"has-text-align-center\" style=\"font-size:10px\">Sauce | Sirup | P\u00fcree<\/p>\n<\/div>\n\n\n\n<div class=\"wp-block-column is-layout-flow\">\n<figure class=\"wp-block-image size-full\"><a href=\"\/de\/produkt-kategorie\/pulverform-produkte\/\"><img decoding=\"async\" src=\"http:\/\/www.aturnagida.com\/wp-content\/uploads\/2023\/05\/toz-grubu-cikolata-cay-salep-milkshake.jpg\" alt=\"\" class=\"wp-image-92\"\/><\/a><\/figure>\n\n\n\n<h4 class=\"wp-block-heading has-text-align-center\"><a href=\"\/de\/produkt-kategorie\/pulverform-produkte\/\" data-type=\"URL\" data-id=\"\/de\/produkt-kategorie\/pulverform-produkte\/\">PULVERFORM GRUPPE<\/a><\/h4>\n\n\n\n<hr class=\"wp-block-separator has-alpha-channel-opacity\"\/>\n\n\n\n<p class=\"has-text-align-center\" style=\"font-size:10px\">Hei\u00dfe Schokolade \/ Wei\u00dfe Schokolade \/ Eis Schokolade \/ Sahlep \/ Milchshake-Smoothie \/ Kr\u00e4uter Tee \/ Gr\u00fcner Tee \/ Schwarzer Tee<\/p>\n<\/div>\n<\/div>\n\n\n\n<div class=\"wp-block-columns is-layout-flex wp-container-8\">\n<div class=\"wp-block-column is-layout-flow\"><div class=\"wp-block-image\">\n<figure class=\"aligncenter size-full\"><a href=\"\/de\/produkt-kategorie\/tiefkuhl-produkte\/\"><img decoding=\"async\" loading=\"lazy\" width=\"262\" height=\"370\" src=\"http:\/\/www.aturnagida.com\/de\/wp-content\/uploads\/sites\/3\/2023\/07\/tiefkuhl-produkte-chefsdream.net_.jpg.jpg\" alt=\"\" class=\"wp-image-530\" srcset=\"http:\/\/www.aturnagida.com\/de\/wp-content\/uploads\/sites\/3\/2023\/07\/tiefkuhl-produkte-chefsdream.net_.jpg.jpg 262w, http:\/\/www.aturnagida.com\/de\/wp-content\/uploads\/sites\/3\/2023\/07\/tiefkuhl-produkte-chefsdream.net_.jpg-212x300.jpg 212w\" sizes=\"(max-width: 262px) 100vw, 262px\" \/><\/a><\/figure><\/div>\n\n\n<h4 class=\"wp-block-heading has-text-align-center\"><a href=\"\/de\/produkt-kategorie\/tiefkuhl-produkte\/\">TIEFKUHLPRODUKTE<\/a><\/h4>\n\n\n\n<hr class=\"wp-block-separator has-alpha-channel-opacity\"\/>\n\n\n\n<p class=\"has-text-align-center\">Chef&#8217;s Dream<\/p>\n<\/div>\n\n\n\n<div class=\"wp-block-column is-layout-flow\"><\/div>\n\n\n\n<div class=\"wp-block-column is-layout-flow\"><\/div>\n<\/div>\n","protected":false},"excerpt":{"rendered":"<p>Full 1 QualifizierteKaffeearten T\u00dcRKISCHER KAFFEE \/ ESPRESSO \/ INSTANT \/ FILTER KAFFEEREGIONAL KAFFEES \/ MOKKA \/ FRAPP\u00c9 Mehrere Regionen die hochwertigen Kaffeebohnen der Wahl, sorgf\u00e4ltig Braten wir unseren Kaffee Sorten bereiten Schleifen. Full 2 Intensiv Gew\u00fcrztenPulver Produkt HEI\u00dfE SCHOKOLADE \/ WEI\u00dfE SCHOKOLADE \/ EIS SCHOKOLADE \/ SAHLEP MILCHSHAKE-SMOOTHIE \/ KR\u00c4UTER TEE \/ GR\u00dcNER TEE \/ [&hellip;]<\/p>\n","protected":false},"author":1,"featured_media":0,"parent":0,"menu_order":0,"comment_status":"closed","ping_status":"closed","template":"","meta":{"_coblocks_attr":"","_coblocks_dimensions":"","_coblocks_responsive_height":"","_coblocks_accordion_ie_support":""},"aioseo_notices":[],"_links":{"self":[{"href":"http:\/\/www.aturnagida.com\/de\/wp-json\/wp\/v2\/pages\/258"}],"collection":[{"href":"http:\/\/www.aturnagida.com\/de\/wp-json\/wp\/v2\/pages"}],"about":[{"href":"http:\/\/www.aturnagida.com\/de\/wp-json\/wp\/v2\/types\/page"}],"author":[{"embeddable":true,"href":"http:\/\/www.aturnagida.com\/de\/wp-json\/wp\/v2\/users\/1"}],"replies":[{"embeddable":true,"href":"http:\/\/www.aturnagida.com\/de\/wp-json\/wp\/v2\/comments?post=258"}],"version-history":[{"count":4,"href":"http:\/\/www.aturnagida.com\/de\/wp-json\/wp\/v2\/pages\/258\/revisions"}],"predecessor-version":[{"id":536,"href":"http:\/\/www.aturnagida.com\/de\/wp-json\/wp\/v2\/pages\/258\/revisions\/536"}],"wp:attachment":[{"href":"http:\/\/www.aturnagida.com\/de\/wp-json\/wp\/v2\/media?parent=258"}],"curies":[{"name":"wp","href":"https:\/\/api.w.org\/{rel}","templated":true}]}}