{"id":513,"date":"2023-05-22T22:31:34","date_gmt":"2023-05-22T19:31:34","guid":{"rendered":"http:\/\/www.aturnagida.com\/ana-sayfa\/"},"modified":"2023-07-13T16:09:19","modified_gmt":"2023-07-13T13:09:19","slug":"produkte-alle","status":"publish","type":"page","link":"http:\/\/www.aturnagida.com\/de\/produkte-alle\/","title":{"rendered":"PRODUKTE"},"content":{"rendered":"\n<div class=\"wp-block-columns alignwide is-layout-flex wp-container-4\">\n<div class=\"wp-block-column is-layout-flow\">\n<figure class=\"wp-block-image size-full\"><a href=\"\/de\/produkt-kategorie\/kaffee-produkte\/\"><img decoding=\"async\" src=\"http:\/\/www.aturnagida.com\/wp-content\/uploads\/2023\/05\/kahve-grubu-filtre-turk-kahvesi-espresso-instantmocha-frappe.jpg\" alt=\"\" class=\"wp-image-90\"\/><\/a><\/figure>\n\n\n\n<h4 class=\"wp-block-heading has-text-align-center has-medium-font-size\"><a href=\"\/de\/produkt-kategorie\/kaffee-produkte\/\">KAFFEE GRUPPE<\/a><\/h4>\n\n\n\n<hr class=\"wp-block-separator has-alpha-channel-opacity\"\/>\n\n\n\n<p class=\"has-text-align-center has-normal-font-size\">T\u00fcrkischer Kaffee \/ Espresso \/ Instant \/ Filter Kaffee \/ Regional Kaffees \/ Mokka \/ Frapp\u00e9<\/p>\n<\/div>\n\n\n\n<div class=\"wp-block-column is-layout-flow\">\n<figure class=\"wp-block-image size-full\"><a href=\"\/de\/produkt-kategorie\/fluid-produkte\/\"><img decoding=\"async\" src=\"http:\/\/www.aturnagida.com\/wp-content\/uploads\/2023\/05\/sivi-grubu-sos-surup-pure.jpg\" alt=\"\" class=\"wp-image-91\"\/><\/a><\/figure>\n\n\n\n<h2 class=\"wp-block-heading has-text-align-center has-medium-font-size\"><a href=\"\/de\/produkt-kategorie\/fluid-produkte\/\">FLUID GRUPPE<\/a><\/h2>\n\n\n\n<hr class=\"wp-block-separator has-alpha-channel-opacity\"\/>\n\n\n\n<p class=\"has-text-align-center has-normal-font-size\">Sauce | Sirup | P\u00fcree<\/p>\n<\/div>\n\n\n\n<div class=\"wp-block-column is-layout-flow\">\n<figure class=\"wp-block-image size-full\"><a href=\"\/de\/produkt-kategorie\/pulverform-produkte\/\"><img decoding=\"async\" src=\"http:\/\/www.aturnagida.com\/wp-content\/uploads\/2023\/05\/toz-grubu-cikolata-cay-salep-milkshake.jpg\" alt=\"\" class=\"wp-image-92\"\/><\/a><\/figure>\n\n\n\n<h2 class=\"wp-block-heading has-text-align-center has-medium-font-size\"><a href=\"\/de\/produkt-kategorie\/pulverform-produkte\/\">PULVERFORM GRUPPE<\/a><\/h2>\n\n\n\n<hr class=\"wp-block-separator has-alpha-channel-opacity\"\/>\n\n\n\n<p class=\"has-text-align-center has-normal-font-size\">Hei\u00dfe Schokolade \/ Wei\u00dfe Schokolade \/ Eis Schokolade \/ Sahlep \/ Milchshake-Smoothie \/ Kr\u00e4uter Tee \/ Gr\u00fcner Tee \/ Schwarzer Tee<\/p>\n<\/div>\n<\/div>\n\n\n\n<div class=\"wp-block-columns alignwide is-layout-flex wp-container-8\">\n<div class=\"wp-block-column is-layout-flow\"><div class=\"wp-block-image\">\n<figure class=\"aligncenter size-full\"><a href=\"\/de\/produkt-kategorie\/tiefkuhl-produkte\/\"><img decoding=\"async\" loading=\"lazy\" width=\"262\" height=\"370\" src=\"http:\/\/www.aturnagida.com\/de\/wp-content\/uploads\/sites\/3\/2023\/07\/tiefkuhl-produkte-chefsdream.net_.jpg.jpg\" alt=\"\" class=\"wp-image-530\" srcset=\"http:\/\/www.aturnagida.com\/de\/wp-content\/uploads\/sites\/3\/2023\/07\/tiefkuhl-produkte-chefsdream.net_.jpg.jpg 262w, http:\/\/www.aturnagida.com\/de\/wp-content\/uploads\/sites\/3\/2023\/07\/tiefkuhl-produkte-chefsdream.net_.jpg-212x300.jpg 212w\" sizes=\"(max-width: 262px) 100vw, 262px\" \/><\/a><\/figure><\/div>\n\n\n<h4 class=\"wp-block-heading has-text-align-center\"><a href=\"\/de\/produkt-kategorie\/tiefkuhl-produkte\/\" data-type=\"URL\" data-id=\"\/de\/produkt-kategorie\/tiefkuhl-produkte\/\">TIEFKUHLPRODUKTE<\/a><\/h4>\n\n\n\n<hr class=\"wp-block-separator has-alpha-channel-opacity\"\/>\n\n\n\n<p class=\"has-text-align-center\"><a href=\"\/de\/produkt-kategorie\/tiefkuhl-produkte\/chefs-dream\/\" data-type=\"URL\" data-id=\"\/de\/produkt-kategorie\/tiefkuhl-produkte\/chefs-dream\/\">Chef&#8217;s Dream<\/a><\/p>\n<\/div>\n\n\n\n<div class=\"wp-block-column is-layout-flow\"><\/div>\n\n\n\n<div class=\"wp-block-column is-layout-flow\"><\/div>\n<\/div>\n","protected":false},"excerpt":{"rendered":"<p>KAFFEE GRUPPE T\u00fcrkischer Kaffee \/ Espresso \/ Instant \/ Filter Kaffee \/ Regional Kaffees \/ Mokka \/ Frapp\u00e9 FLUID GRUPPE Sauce | Sirup | P\u00fcree PULVERFORM GRUPPE Hei\u00dfe Schokolade \/ Wei\u00dfe Schokolade \/ Eis Schokolade \/ Sahlep \/ Milchshake-Smoothie \/ Kr\u00e4uter Tee \/ Gr\u00fcner Tee \/ Schwarzer Tee TIEFKUHLPRODUKTE Chef&#8217;s Dream<\/p>\n","protected":false},"author":1,"featured_media":0,"parent":0,"menu_order":0,"comment_status":"closed","ping_status":"closed","template":"","meta":{"_coblocks_attr":"","_coblocks_dimensions":"","_coblocks_responsive_height":"","_coblocks_accordion_ie_support":""},"aioseo_notices":[],"_links":{"self":[{"href":"http:\/\/www.aturnagida.com\/de\/wp-json\/wp\/v2\/pages\/513"}],"collection":[{"href":"http:\/\/www.aturnagida.com\/de\/wp-json\/wp\/v2\/pages"}],"about":[{"href":"http:\/\/www.aturnagida.com\/de\/wp-json\/wp\/v2\/types\/page"}],"author":[{"embeddable":true,"href":"http:\/\/www.aturnagida.com\/de\/wp-json\/wp\/v2\/users\/1"}],"replies":[{"embeddable":true,"href":"http:\/\/www.aturnagida.com\/de\/wp-json\/wp\/v2\/comments?post=513"}],"version-history":[{"count":4,"href":"http:\/\/www.aturnagida.com\/de\/wp-json\/wp\/v2\/pages\/513\/revisions"}],"predecessor-version":[{"id":533,"href":"http:\/\/www.aturnagida.com\/de\/wp-json\/wp\/v2\/pages\/513\/revisions\/533"}],"wp:attachment":[{"href":"http:\/\/www.aturnagida.com\/de\/wp-json\/wp\/v2\/media?parent=513"}],"curies":[{"name":"wp","href":"https:\/\/api.w.org\/{rel}","templated":true}]}}