{"id":489,"date":"2023-07-02T02:31:09","date_gmt":"2023-07-01T23:31:09","guid":{"rendered":"http:\/\/www.aturnagida.com\/de\/urun\/pfirsich-3\/"},"modified":"2023-07-02T02:31:09","modified_gmt":"2023-07-01T23:31:09","slug":"pfirsich-3","status":"publish","type":"product","link":"http:\/\/www.aturnagida.com\/de\/produkt\/pfirsich-3\/","title":{"rendered":"Pfirsich"},"content":{"rendered":"<p>P\u00fcrees aus nat\u00fcrlichen fruchtextrakten, ideal, um den geschmack der frucht zu st\u00e4rken.<\/p>\n","protected":false},"excerpt":{"rendered":"<p>P\u00fcrees aus nat\u00fcrlichen fruchtextrakten, ideal, um den geschmack der frucht zu st\u00e4rken.<\/p>\n","protected":false},"featured_media":0,"comment_status":"open","ping_status":"closed","template":"","meta":{"_coblocks_attr":"","_coblocks_dimensions":"","_coblocks_responsive_height":"","_coblocks_accordion_ie_support":""},"product_cat":[21,33],"product_tag":[],"aioseo_notices":[],"_links":{"self":[{"href":"http:\/\/www.aturnagida.com\/de\/wp-json\/wp\/v2\/product\/489"}],"collection":[{"href":"http:\/\/www.aturnagida.com\/de\/wp-json\/wp\/v2\/product"}],"about":[{"href":"http:\/\/www.aturnagida.com\/de\/wp-json\/wp\/v2\/types\/product"}],"replies":[{"embeddable":true,"href":"http:\/\/www.aturnagida.com\/de\/wp-json\/wp\/v2\/comments?post=489"}],"wp:attachment":[{"href":"http:\/\/www.aturnagida.com\/de\/wp-json\/wp\/v2\/media?parent=489"}],"wp:term":[{"taxonomy":"product_cat","embeddable":true,"href":"http:\/\/www.aturnagida.com\/de\/wp-json\/wp\/v2\/product_cat?post=489"},{"taxonomy":"product_tag","embeddable":true,"href":"http:\/\/www.aturnagida.com\/de\/wp-json\/wp\/v2\/product_tag?post=489"}],"curies":[{"name":"wp","href":"https:\/\/api.w.org\/{rel}","templated":true}]}}