{"id":509,"date":"2023-07-02T02:31:11","date_gmt":"2023-07-01T23:31:11","guid":{"rendered":"http:\/\/www.aturnagida.com\/de\/urun\/orange-4\/"},"modified":"2023-07-02T02:31:11","modified_gmt":"2023-07-01T23:31:11","slug":"orange-4","status":"publish","type":"product","link":"http:\/\/www.aturnagida.com\/de\/produkt\/orange-4\/","title":{"rendered":"Orange"},"content":{"rendered":"<p>Sorgf\u00e4ltig sauce sorten, ideal f\u00fcr einen unterschied in geschmack und pr\u00e4sentation vorbereitet.<\/p>\n","protected":false},"excerpt":{"rendered":"<p>Sorgf\u00e4ltig sauce sorten, ideal f\u00fcr einen unterschied in geschmack und pr\u00e4sentation vorbereitet.<\/p>\n","protected":false},"featured_media":0,"comment_status":"open","ping_status":"closed","template":"","meta":{"_coblocks_attr":"","_coblocks_dimensions":"","_coblocks_responsive_height":"","_coblocks_accordion_ie_support":""},"product_cat":[21,34],"product_tag":[],"aioseo_notices":[],"_links":{"self":[{"href":"http:\/\/www.aturnagida.com\/de\/wp-json\/wp\/v2\/product\/509"}],"collection":[{"href":"http:\/\/www.aturnagida.com\/de\/wp-json\/wp\/v2\/product"}],"about":[{"href":"http:\/\/www.aturnagida.com\/de\/wp-json\/wp\/v2\/types\/product"}],"replies":[{"embeddable":true,"href":"http:\/\/www.aturnagida.com\/de\/wp-json\/wp\/v2\/comments?post=509"}],"wp:attachment":[{"href":"http:\/\/www.aturnagida.com\/de\/wp-json\/wp\/v2\/media?parent=509"}],"wp:term":[{"taxonomy":"product_cat","embeddable":true,"href":"http:\/\/www.aturnagida.com\/de\/wp-json\/wp\/v2\/product_cat?post=509"},{"taxonomy":"product_tag","embeddable":true,"href":"http:\/\/www.aturnagida.com\/de\/wp-json\/wp\/v2\/product_tag?post=509"}],"curies":[{"name":"wp","href":"https:\/\/api.w.org\/{rel}","templated":true}]}}